{"id":1287,"date":"2017-02-20T14:56:50","date_gmt":"2017-02-20T13:56:50","guid":{"rendered":"http:\/\/fjelland.dk.linux121.unoeuro-server.com\/?page_id=1287"},"modified":"2019-04-08T20:26:35","modified_gmt":"2019-04-08T19:26:35","slug":"hjemmesiden-for-fjellandske-jernbaners-faellesraad","status":"publish","type":"page","link":"https:\/\/fjelland.dk\/","title":{"rendered":"Hjemmesiden for Fjellandske Jernbaners F\u00e6llesraad"},"content":{"rendered":"<p>Se de <a href=\"http:\/\/fjelland.dk\/?page_id=3071\">seneste opdateringer.<\/a><\/p>\n<figure id=\"attachment_3216\" aria-describedby=\"caption-attachment-3216\" style=\"width: 710px\" class=\"wp-caption aligncenter\"><img loading=\"lazy\" decoding=\"async\" class=\"wp-image-3216 size-full\" src=\"http:\/\/fjelland.dk\/wp-content\/uploads\/Forside-02.jpg\" alt=\"\" width=\"720\" height=\"477\" srcset=\"https:\/\/fjelland.dk\/wp-content\/uploads\/Forside-02.jpg 720w, https:\/\/fjelland.dk\/wp-content\/uploads\/Forside-02-300x199.jpg 300w\" sizes=\"auto, (max-width: 720px) 100vw, 720px\" \/><figcaption id=\"caption-attachment-3216\" class=\"wp-caption-text\"><em>FSB udf\u00f8rer vintertest p\u00e5 h\u00f8jfjellet med styrevognstog. Testen gik godt, omend varmeapparatet i f\u00f8rerrummet tr\u00e6ngte til en grundig justering. FREMO tr\u00e6f i Arendal 2019<\/em><\/figcaption><\/figure>\n<p>Velkommen til en nyere hjemmeside. Vi benyttede et skift af webhotel til ogsaa at forny hjemmesiden med et mere tidssvarende v\u00e6rkt\u00f8j. Den gamle hjemmeside var skrevet direkte i html, og derfor noget tung at holde opdateret.<\/p>\n<p>I aarenes l\u00f8b er muligheden for at digitalisere billeder og arkivalier blevet betydeligt bedre og nemmere. Det betyder, at der ud over at flytte det gamle indhold ogsaa vil dukke nyt materiale op, og noget af det gamle vil hen ad vejen blive forbedret i kvalitet.<\/p>\n<p>Hjemmesiden er t\u00e6nkt som et opslagsv\u00e6rk, hvor F\u00e6llesraadet kan holde sig orienteret om detaljer i den Fjellandske historie. Andre maa gerne kikke med.<\/p>\n","protected":false},"excerpt":{"rendered":"<p>Se de seneste opdateringer. Velkommen til en nyere hjemmeside. Vi benyttede et skift af webhotel til ogsaa at forny hjemmesiden med et mere tidssvarende v\u00e6rkt\u00f8j. Den gamle hjemmeside var skrevet direkte i html, og derfor noget tung at holde opdateret. I aarenes l\u00f8b er muligheden for at digitalisere billeder og arkivalier blevet betydeligt bedre og &#8230; <a title=\"Hjemmesiden for Fjellandske Jernbaners F\u00e6llesraad\" class=\"read-more\" href=\"https:\/\/fjelland.dk\/\" aria-label=\"Read more about Hjemmesiden for Fjellandske Jernbaners F\u00e6llesraad\">L\u00e6s mere <\/a><\/p>\n","protected":false},"author":1,"featured_media":0,"parent":0,"menu_order":0,"comment_status":"closed","ping_status":"closed","template":"","meta":{"footnotes":""},"class_list":["post-1287","page","type-page","status-publish"],"_links":{"self":[{"href":"https:\/\/fjelland.dk\/index.php?rest_route=\/wp\/v2\/pages\/1287","targetHints":{"allow":["GET"]}}],"collection":[{"href":"https:\/\/fjelland.dk\/index.php?rest_route=\/wp\/v2\/pages"}],"about":[{"href":"https:\/\/fjelland.dk\/index.php?rest_route=\/wp\/v2\/types\/page"}],"author":[{"embeddable":true,"href":"https:\/\/fjelland.dk\/index.php?rest_route=\/wp\/v2\/users\/1"}],"replies":[{"embeddable":true,"href":"https:\/\/fjelland.dk\/index.php?rest_route=%2Fwp%2Fv2%2Fcomments&post=1287"}],"version-history":[{"count":11,"href":"https:\/\/fjelland.dk\/index.php?rest_route=\/wp\/v2\/pages\/1287\/revisions"}],"predecessor-version":[{"id":3218,"href":"https:\/\/fjelland.dk\/index.php?rest_route=\/wp\/v2\/pages\/1287\/revisions\/3218"}],"wp:attachment":[{"href":"https:\/\/fjelland.dk\/index.php?rest_route=%2Fwp%2Fv2%2Fmedia&parent=1287"}],"curies":[{"name":"wp","href":"https:\/\/api.w.org\/{rel}","templated":true}]}}